{"id":23,"date":"2021-11-24T19:59:20","date_gmt":"2021-11-24T18:59:20","guid":{"rendered":"https:\/\/villadulac.fr\/?page_id=23"},"modified":"2025-10-29T12:54:26","modified_gmt":"2025-10-29T11:54:26","slug":"nos-tarifs","status":"publish","type":"page","link":"https:\/\/villadulac.fr\/en\/nos-tarifs\/","title":{"rendered":"Prices"},"content":{"rendered":"<h2 style=\"text-align:center\"><strong>Tarifs Saison 2025<\/strong><\/h2>\n\n\n\n<p><\/p>\n\n\n\n<p><\/p>\n\n\n\n<p class=\"has-text-align-center\"><br><mark style=\"background-color:rgba(0, 0, 0, 0)\" class=\"has-inline-color has-vivid-purple-color\"><strong>BASSE ET MOYENNE SAISON 2025<\/strong><\/mark> &#8211; <mark style=\"background-color:rgba(0, 0, 0, 0)\" class=\"has-inline-color has-vivid-purple-color\"><strong>2026<\/strong><\/mark><\/p>\n\n\n\n<p class=\"has-text-align-center\">From <mark style=\"background-color:rgba(0, 0, 0, 0)\" class=\"has-inline-color has-vivid-purple-color\"><strong>30-08-2025<\/strong><\/mark> to <mark style=\"background-color:rgba(0, 0, 0, 0)\" class=\"has-inline-color has-vivid-purple-color\"><strong>20-12-2025<\/strong><\/mark> <strong>\/<\/strong> du <mark style=\"background-color:rgba(0, 0, 0, 0)\" class=\"has-inline-color has-vivid-purple-color\"><strong>03-01-2026<\/strong><\/mark> to <mark style=\"background-color:rgba(0, 0, 0, 0)\" class=\"has-inline-color has-vivid-purple-color\"><strong>27-06-2026<\/strong><\/mark> <strong>\/<\/strong> du <mark style=\"background-color:rgba(0, 0, 0, 0)\" class=\"has-inline-color has-vivid-purple-color\"><strong>29-08-2026<\/strong><\/mark> to <mark style=\"background-color:rgba(0, 0, 0, 0)\" class=\"has-inline-color has-vivid-purple-color\"><strong>19-12-2026<\/strong><\/mark><br>(Tarif \u00e0 la semaine mais possibilit\u00e9 de r\u00e9server 4 jours minimum + 90\u20ac de frais de m\u00e9nage)\u00a0<\/p>\n\n\n\n<p class=\"has-text-align-center\">&#8211; De 1 \u00e0 4 personnes : 910 \u20ac<\/p>\n\n\n\n<p class=\"has-text-align-center\">&#8211; De 5 \u00e0 6 personnes : 1050 \u20ac<\/p>\n\n\n\n<p class=\"has-text-align-center\">&#8211; De 7 \u00e0 8 personnes : 1190 \u20ac<br><\/p>\n\n\n\n<p class=\"has-text-align-center\"><mark style=\"background-color:rgba(0, 0, 0, 0)\" class=\"has-inline-color has-vivid-purple-color\"><strong>HAUTE SAISON 2026<\/strong><\/mark>&nbsp;<\/p>\n\n\n\n<p class=\"has-text-align-center\">From <mark style=\"background-color:rgba(0, 0, 0, 0)\" class=\"has-inline-color has-vivid-purple-color\"><strong>27-06-2026<\/strong><\/mark> to <mark style=\"background-color:rgba(0, 0, 0, 0)\" class=\"has-inline-color has-vivid-purple-color\"><strong>29-08-2026<\/strong><\/mark><br>(Tarif \u00e0 la semaine + 90\u20ac de frais de m\u00e9nage)&nbsp;<\/p>\n\n\n\n<p class=\"has-text-align-center\">&#8211; De 1 \u00e0 8 personnes : 2490 \u20ac<br><\/p>\n\n\n\n<p class=\"has-text-align-center\"><mark style=\"background-color:rgba(0, 0, 0, 0)\" class=\"has-inline-color has-vivid-purple-color\"><strong>SPECIAL NO\u00cbL ET JOUR DE L&rsquo;AN&nbsp;2025 &#8211; 2026<\/strong><\/mark><\/p>\n\n\n\n<p class=\"has-text-align-center\">From <mark style=\"background-color:rgba(0, 0, 0, 0)\" class=\"has-inline-color has-vivid-purple-color\"><mark style=\"background-color:rgba(0, 0, 0, 0)\" class=\"has-inline-color has-vivid-purple-color\"><strong>20-12-<mark style=\"background-color:rgba(0, 0, 0, 0)\" class=\"has-inline-color has-vivid-purple-color\">2025<\/mark><\/strong><\/mark><\/mark> to <mark style=\"background-color:rgba(0, 0, 0, 0)\" class=\"has-inline-color has-vivid-purple-color\"><strong>27-12-<mark style=\"background-color:rgba(0, 0, 0, 0)\" class=\"has-inline-color has-vivid-purple-color\">2025<\/mark><\/strong><\/mark> <strong>\/<\/strong> From <mark style=\"background-color:rgba(0, 0, 0, 0)\" class=\"has-inline-color has-vivid-purple-color\"><mark style=\"background-color:rgba(0, 0, 0, 0)\" class=\"has-inline-color has-vivid-purple-color\"><strong>19-12-<mark style=\"background-color:rgba(0, 0, 0, 0)\" class=\"has-inline-color has-vivid-purple-color\">2026<\/mark><\/strong><\/mark><\/mark> to <mark style=\"background-color:rgba(0, 0, 0, 0)\" class=\"has-inline-color has-vivid-purple-color\"><strong>26-12-<mark style=\"background-color:rgba(0, 0, 0, 0)\" class=\"has-inline-color has-vivid-purple-color\">2026<\/mark><\/strong><\/mark><br>&#8211; 1 \u00e0 8 personnes : 990 euros<br>(Tarif \u00e0 la semaine + 90\u20ac de frais de m\u00e9nage)<\/p>\n\n\n\n<p class=\"has-text-align-center\">From <mark style=\"background-color:rgba(0, 0, 0, 0)\" class=\"has-inline-color has-vivid-purple-color\"><mark style=\"background-color:rgba(0, 0, 0, 0)\" class=\"has-inline-color has-vivid-purple-color\"><mark style=\"background-color:rgba(0, 0, 0, 0)\" class=\"has-inline-color has-vivid-purple-color\"><strong>27-12-<mark style=\"background-color:rgba(0, 0, 0, 0)\" class=\"has-inline-color has-vivid-purple-color\">2025<\/mark><\/strong><\/mark><\/mark><\/mark> to <mark style=\"background-color:rgba(0, 0, 0, 0)\" class=\"has-inline-color has-vivid-purple-color\"><strong>03-01-2026<\/strong><\/mark> <strong>\/<\/strong> From <mark style=\"background-color:rgba(0, 0, 0, 0)\" class=\"has-inline-color has-vivid-purple-color\"><mark style=\"background-color:rgba(0, 0, 0, 0)\" class=\"has-inline-color has-vivid-purple-color\"><strong>26-12-<mark style=\"background-color:rgba(0, 0, 0, 0)\" class=\"has-inline-color has-vivid-purple-color\">2026<\/mark><\/strong><\/mark><\/mark> to <mark style=\"background-color:rgba(0, 0, 0, 0)\" class=\"has-inline-color has-vivid-purple-color\"><strong>02-01-<mark style=\"background-color:rgba(0, 0, 0, 0)\" class=\"has-inline-color has-vivid-purple-color\">2027<\/mark><\/strong><\/mark><br>&#8211; 1 \u00e0 8 personnes : 990 euros<br>(Tarif \u00e0 la semaine + 90\u20ac de frais de m\u00e9nage)<br><\/p>\n\n\n\n<p class=\"has-text-align-center\"><mark style=\"background-color:rgba(0, 0, 0, 0)\" class=\"has-inline-color has-vivid-purple-color\"><strong>OPTIONS<\/strong><\/mark><\/p>\n\n\n\n<p class=\"has-text-align-center\">&#8211; Draps lit double + 2 taies : 18 \u20ac<br>&#8211; Draps lit simple  + 1 taie : 14\u20ac<br>&#8211; Serviettes de bain (une grande + une petite) : 8\u20ac<br>-Location d&rsquo;un p\u00e9dalo (\u00e0 la semaine) : 90\u20ac<\/p>\n\n\n\n<p class=\"has-text-align-center\"><br><\/p>","protected":false},"excerpt":{"rendered":"<p>Tarifs Saison 2025 BASSE ET MOYENNE SAISON 2025 &#8211; 2026 Du 30-08-2025 au 20-12-2025 \/ &#8230; <\/p>\n<div class=\"text-center\"><a class=\"theme-btn\" href=\"https:\/\/villadulac.fr\/en\/nos-tarifs\/\">Read More<\/a><\/div>","protected":false},"author":1,"featured_media":0,"parent":0,"menu_order":0,"comment_status":"closed","ping_status":"closed","template":"","meta":{"footnotes":""},"class_list":["post-23","page","type-page","status-publish","hentry"],"yoast_head":"<!-- This site is optimized with the Yoast SEO plugin v22.9 - https:\/\/yoast.com\/wordpress\/plugins\/seo\/ -->\n<title>Nos tarifs - La Villa Du Lac<\/title>\n<meta name=\"description\" content=\"Location villa au bord du lac d&#039;Esparron-de-Verdon\" \/>\n<meta name=\"robots\" content=\"index, follow, max-snippet:-1, max-image-preview:large, max-video-preview:-1\" \/>\n<link rel=\"canonical\" href=\"https:\/\/villadulac.fr\/en\/nos-tarifs\/\" \/>\n<meta property=\"og:locale\" content=\"en_GB\" \/>\n<meta property=\"og:type\" content=\"article\" \/>\n<meta property=\"og:title\" content=\"Nos tarifs - La Villa Du Lac\" \/>\n<meta property=\"og:description\" content=\"Location villa au bord du lac d&#039;Esparron-de-Verdon\" \/>\n<meta property=\"og:url\" content=\"https:\/\/villadulac.fr\/en\/nos-tarifs\/\" \/>\n<meta property=\"og:site_name\" content=\"La Villa Du Lac\" \/>\n<meta property=\"article:modified_time\" content=\"2025-10-29T11:54:26+00:00\" \/>\n<meta property=\"og:image\" content=\"https:\/\/villadulac.fr\/wp-content\/uploads\/2022\/03\/logo_large.png\" \/>\n\t<meta property=\"og:image:width\" content=\"1500\" \/>\n\t<meta property=\"og:image:height\" content=\"298\" \/>\n\t<meta property=\"og:image:type\" content=\"image\/png\" \/>\n<meta name=\"twitter:card\" content=\"summary_large_image\" \/>\n<meta name=\"twitter:label1\" content=\"Estimated reading time\" \/>\n\t<meta name=\"twitter:data1\" content=\"1 minute\" \/>\n<script type=\"application\/ld+json\" class=\"yoast-schema-graph\">{\"@context\":\"https:\/\/schema.org\",\"@graph\":[{\"@type\":\"WebPage\",\"@id\":\"https:\/\/villadulac.fr\/nos-tarifs\/\",\"url\":\"https:\/\/villadulac.fr\/nos-tarifs\/\",\"name\":\"Nos tarifs - La Villa Du Lac\",\"isPartOf\":{\"@id\":\"https:\/\/villadulac.fr\/#website\"},\"datePublished\":\"2021-11-24T18:59:20+00:00\",\"dateModified\":\"2025-10-29T11:54:26+00:00\",\"description\":\"Location villa au bord du lac d'Esparron-de-Verdon\",\"breadcrumb\":{\"@id\":\"https:\/\/villadulac.fr\/nos-tarifs\/#breadcrumb\"},\"inLanguage\":\"en-GB\",\"potentialAction\":[{\"@type\":\"ReadAction\",\"target\":[\"https:\/\/villadulac.fr\/nos-tarifs\/\"]}]},{\"@type\":\"BreadcrumbList\",\"@id\":\"https:\/\/villadulac.fr\/nos-tarifs\/#breadcrumb\",\"itemListElement\":[{\"@type\":\"ListItem\",\"position\":1,\"name\":\"Accueil\",\"item\":\"https:\/\/villadulac.fr\/\"},{\"@type\":\"ListItem\",\"position\":2,\"name\":\"Nos tarifs\"}]},{\"@type\":\"WebSite\",\"@id\":\"https:\/\/villadulac.fr\/#website\",\"url\":\"https:\/\/villadulac.fr\/\",\"name\":\"La Villa Du Lac\",\"description\":\"Location Villa Lac Esparron-de-Verdon\",\"publisher\":{\"@id\":\"https:\/\/villadulac.fr\/#organization\"},\"potentialAction\":[{\"@type\":\"SearchAction\",\"target\":{\"@type\":\"EntryPoint\",\"urlTemplate\":\"https:\/\/villadulac.fr\/?s={search_term_string}\"},\"query-input\":\"required name=search_term_string\"}],\"inLanguage\":\"en-GB\"},{\"@type\":\"Organization\",\"@id\":\"https:\/\/villadulac.fr\/#organization\",\"name\":\"La Villa Du Lac\",\"url\":\"https:\/\/villadulac.fr\/\",\"logo\":{\"@type\":\"ImageObject\",\"inLanguage\":\"en-GB\",\"@id\":\"https:\/\/villadulac.fr\/#\/schema\/logo\/image\/\",\"url\":\"https:\/\/villadulac.fr\/wp-content\/uploads\/2022\/03\/cropped-logo_large.png\",\"contentUrl\":\"https:\/\/villadulac.fr\/wp-content\/uploads\/2022\/03\/cropped-logo_large.png\",\"width\":1500,\"height\":298,\"caption\":\"La Villa Du Lac\"},\"image\":{\"@id\":\"https:\/\/villadulac.fr\/#\/schema\/logo\/image\/\"}}]}<\/script>\n<!-- \/ Yoast SEO plugin. -->","yoast_head_json":{"title":"Nos tarifs - La Villa Du Lac","description":"Location villa au bord du lac d'Esparron-de-Verdon","robots":{"index":"index","follow":"follow","max-snippet":"max-snippet:-1","max-image-preview":"max-image-preview:large","max-video-preview":"max-video-preview:-1"},"canonical":"https:\/\/villadulac.fr\/en\/nos-tarifs\/","og_locale":"en_GB","og_type":"article","og_title":"Nos tarifs - La Villa Du Lac","og_description":"Location villa au bord du lac d'Esparron-de-Verdon","og_url":"https:\/\/villadulac.fr\/en\/nos-tarifs\/","og_site_name":"La Villa Du Lac","article_modified_time":"2025-10-29T11:54:26+00:00","og_image":[{"width":1500,"height":298,"url":"https:\/\/villadulac.fr\/wp-content\/uploads\/2022\/03\/logo_large.png","type":"image\/png"}],"twitter_card":"summary_large_image","twitter_misc":{"Estimated reading time":"1 minute"},"schema":{"@context":"https:\/\/schema.org","@graph":[{"@type":"WebPage","@id":"https:\/\/villadulac.fr\/nos-tarifs\/","url":"https:\/\/villadulac.fr\/nos-tarifs\/","name":"Nos tarifs - La Villa Du Lac","isPartOf":{"@id":"https:\/\/villadulac.fr\/#website"},"datePublished":"2021-11-24T18:59:20+00:00","dateModified":"2025-10-29T11:54:26+00:00","description":"Location villa au bord du lac d'Esparron-de-Verdon","breadcrumb":{"@id":"https:\/\/villadulac.fr\/nos-tarifs\/#breadcrumb"},"inLanguage":"en-GB","potentialAction":[{"@type":"ReadAction","target":["https:\/\/villadulac.fr\/nos-tarifs\/"]}]},{"@type":"BreadcrumbList","@id":"https:\/\/villadulac.fr\/nos-tarifs\/#breadcrumb","itemListElement":[{"@type":"ListItem","position":1,"name":"Accueil","item":"https:\/\/villadulac.fr\/"},{"@type":"ListItem","position":2,"name":"Nos tarifs"}]},{"@type":"WebSite","@id":"https:\/\/villadulac.fr\/#website","url":"https:\/\/villadulac.fr\/","name":"La Villa Du Lac","description":"Location Villa Lac Esparron-de-Verdon","publisher":{"@id":"https:\/\/villadulac.fr\/#organization"},"potentialAction":[{"@type":"SearchAction","target":{"@type":"EntryPoint","urlTemplate":"https:\/\/villadulac.fr\/?s={search_term_string}"},"query-input":"required name=search_term_string"}],"inLanguage":"en-GB"},{"@type":"Organization","@id":"https:\/\/villadulac.fr\/#organization","name":"La Villa Du Lac","url":"https:\/\/villadulac.fr\/","logo":{"@type":"ImageObject","inLanguage":"en-GB","@id":"https:\/\/villadulac.fr\/#\/schema\/logo\/image\/","url":"https:\/\/villadulac.fr\/wp-content\/uploads\/2022\/03\/cropped-logo_large.png","contentUrl":"https:\/\/villadulac.fr\/wp-content\/uploads\/2022\/03\/cropped-logo_large.png","width":1500,"height":298,"caption":"La Villa Du Lac"},"image":{"@id":"https:\/\/villadulac.fr\/#\/schema\/logo\/image\/"}}]}},"_links":{"self":[{"href":"https:\/\/villadulac.fr\/en\/wp-json\/wp\/v2\/pages\/23","targetHints":{"allow":["GET"]}}],"collection":[{"href":"https:\/\/villadulac.fr\/en\/wp-json\/wp\/v2\/pages"}],"about":[{"href":"https:\/\/villadulac.fr\/en\/wp-json\/wp\/v2\/types\/page"}],"author":[{"embeddable":true,"href":"https:\/\/villadulac.fr\/en\/wp-json\/wp\/v2\/users\/1"}],"replies":[{"embeddable":true,"href":"https:\/\/villadulac.fr\/en\/wp-json\/wp\/v2\/comments?post=23"}],"version-history":[{"count":72,"href":"https:\/\/villadulac.fr\/en\/wp-json\/wp\/v2\/pages\/23\/revisions"}],"predecessor-version":[{"id":556,"href":"https:\/\/villadulac.fr\/en\/wp-json\/wp\/v2\/pages\/23\/revisions\/556"}],"wp:attachment":[{"href":"https:\/\/villadulac.fr\/en\/wp-json\/wp\/v2\/media?parent=23"}],"curies":[{"name":"wp","href":"https:\/\/api.w.org\/{rel}","templated":true}]}}