{"id":404,"date":"2022-05-06T15:35:51","date_gmt":"2022-05-06T13:35:51","guid":{"rendered":"https:\/\/villadulac.fr\/?page_id=404"},"modified":"2022-05-06T15:45:14","modified_gmt":"2022-05-06T13:45:14","slug":"incontournables","status":"publish","type":"page","link":"https:\/\/villadulac.fr\/en\/incontournables\/","title":{"rendered":"The essentials"},"content":{"rendered":"<h2 style=\"text-align: center;\"><strong>Near the Villa du Lac you will find countless activities to do or remarkable places to visit!<\/strong><\/h2>\n\n\n<ul class=\"wp-block-list\"><li><a rel=\"noreferrer noopener\" href=\"http:\/\/www.museeprehistoire.com\/accueil.html\" target=\"_blank\">The prehistory museum in Quinson (10 km)<\/a><\/li><li><a href=\"https:\/\/www.ville-riez.fr\/\" target=\"_blank\" rel=\"noreferrer noopener\">The Riez market (20 minutes\u2019 drive)<\/a><\/li><li><a rel=\"noreferrer noopener\" href=\"https:\/\/www.moustiers.fr\/fr\/faience\" target=\"_blank\">Moustiers Ste Marie: the most beautiful village in France and its earthenware (40 km)<\/a><\/li><li><a rel=\"noreferrer noopener\" href=\"https:\/\/www.tourisme-alpes-haute-provence.com\/gorges-verdon\/\" target=\"_blank\">The high gorges of Verdon: hikes, superb viewpoints, the largest canyon in Europe (45 km)<\/a><\/li><li><a rel=\"noreferrer noopener\" href=\"https:\/\/www.greoux-les-bains.com\/\" target=\"_blank\">Gr\u00e9oux Les Bains: Thermal spa (12 km)<\/a><\/li><li><a rel=\"noreferrer noopener\" href=\"https:\/\/www.tourisme-manosque.fr\/\" target=\"_blank\">Manosque ( 30 km)<\/a><\/li><li><a rel=\"noreferrer noopener\" href=\"https:\/\/www.stecroixduverdon-tourisme.fr\/decouvrir\/le-lac\/\" target=\"_blank\">Lake Sainte Croix (25 km)<\/a><\/li><li><a rel=\"noreferrer noopener\" href=\"https:\/\/www.tourisme-alpes-haute-provence.com\/les-penitents-des-mees\/\" target=\"_blank\">The Penitents of M\u00e9e (40 km)<\/a><\/li><li><a rel=\"noreferrer noopener\" href=\"https:\/\/www.aixenprovencetourism.com\/\" target=\"_blank\">Aix en Provence (1 hour drive)<\/a><\/li><li><a rel=\"noreferrer noopener\" href=\"https:\/\/www.marseille-tourisme.com\/decouvrez-marseille\/calanques-plages-et-nature\/les-calanques-de-marseille\/\" target=\"_blank\">Marseille \u2013 The Calanques of Provence (1h30 drive)<\/a><\/li><li><a rel=\"noreferrer noopener\" href=\"https:\/\/www.vinsdeprovence.com\/le-vignoble\/presentation-generale\" target=\"_blank\">Vineyards of Provence<\/a><\/li><li><a rel=\"noreferrer noopener\" href=\"https:\/\/www.tourisme-alpes-haute-provence.com\/oenotourisme\/\" target=\"_blank\">Pierrevert vineyard<\/a><\/li><li><a rel=\"noreferrer noopener\" href=\"http:\/\/www.calanques-parcnational.fr\/fr\" target=\"_blank\">The Calanques of Cassis<\/a><\/li><li><a rel=\"noreferrer noopener\" href=\"https:\/\/www.marseille-tourisme.com\/decouvrez-marseille\/autour-de-marseille\/la-cote-bleue\/\" target=\"_blank\">The Blue Coast (Carry-le-Rouet, Sausset Les Pins)<\/a><\/li><li><a rel=\"noreferrer noopener\" href=\"https:\/\/www.camargue.fr\/\" target=\"_blank\">Camargue (Arles, Sainte Marie de la Mer)<\/a><\/li><li><a rel=\"noreferrer noopener\" href=\"https:\/\/www.lesbauxdeprovence.com\/\" target=\"_blank\">The Beaux de Provence and the Careers of Enlightenment<\/a><\/li><li><a rel=\"noreferrer noopener\" href=\"https:\/\/www.ville-lecastellet.fr\/office-de-tourisme.html\" target=\"_blank\">The Medieval village of Castellet<\/a><\/li><li><a rel=\"noreferrer noopener\" href=\"https:\/\/www.hyeres-tourisme.com\/les-iles-dor\/\" target=\"_blank\">The Golden Islands (Porquerolles, Port Cros, Levant)<\/a><\/li><\/ul>","protected":false},"excerpt":{"rendered":"<p>Vous trouverez \u00e0 proximit\u00e9 de la Villa du Lac d&rsquo;innombrables activit\u00e9s \u00e0 faire ou de &#8230; <\/p>\n<div class=\"text-center\"><a class=\"theme-btn\" href=\"https:\/\/villadulac.fr\/en\/incontournables\/\">Read More<\/a><\/div>","protected":false},"author":1,"featured_media":0,"parent":0,"menu_order":0,"comment_status":"closed","ping_status":"closed","template":"","meta":{"footnotes":""},"class_list":["post-404","page","type-page","status-publish","hentry"],"yoast_head":"<!-- This site is optimized with the Yoast SEO plugin v22.9 - https:\/\/yoast.com\/wordpress\/plugins\/seo\/ -->\n<title>Incontournables - La Villa Du Lac<\/title>\n<meta name=\"description\" content=\"Location villa au bord du lac d&#039;Esparron-de-Verdon\" \/>\n<meta name=\"robots\" content=\"index, follow, max-snippet:-1, max-image-preview:large, max-video-preview:-1\" \/>\n<link rel=\"canonical\" href=\"https:\/\/villadulac.fr\/en\/incontournables\/\" \/>\n<meta property=\"og:locale\" content=\"en_GB\" \/>\n<meta property=\"og:type\" content=\"article\" \/>\n<meta property=\"og:title\" content=\"Incontournables - La Villa Du Lac\" \/>\n<meta property=\"og:description\" content=\"Location villa au bord du lac d&#039;Esparron-de-Verdon\" \/>\n<meta property=\"og:url\" content=\"https:\/\/villadulac.fr\/en\/incontournables\/\" \/>\n<meta property=\"og:site_name\" content=\"La Villa Du Lac\" \/>\n<meta property=\"article:modified_time\" content=\"2022-05-06T13:45:14+00:00\" \/>\n<meta property=\"og:image\" content=\"https:\/\/villadulac.fr\/wp-content\/uploads\/2022\/03\/logo_large.png\" \/>\n\t<meta property=\"og:image:width\" content=\"1500\" \/>\n\t<meta property=\"og:image:height\" content=\"298\" \/>\n\t<meta property=\"og:image:type\" content=\"image\/png\" \/>\n<meta name=\"twitter:card\" content=\"summary_large_image\" \/>\n<meta name=\"twitter:label1\" content=\"Estimated reading time\" \/>\n\t<meta name=\"twitter:data1\" content=\"1 minute\" \/>\n<script type=\"application\/ld+json\" class=\"yoast-schema-graph\">{\"@context\":\"https:\/\/schema.org\",\"@graph\":[{\"@type\":\"WebPage\",\"@id\":\"https:\/\/villadulac.fr\/incontournables\/\",\"url\":\"https:\/\/villadulac.fr\/incontournables\/\",\"name\":\"Incontournables - La Villa Du Lac\",\"isPartOf\":{\"@id\":\"https:\/\/villadulac.fr\/#website\"},\"datePublished\":\"2022-05-06T13:35:51+00:00\",\"dateModified\":\"2022-05-06T13:45:14+00:00\",\"description\":\"Location villa au bord du lac d'Esparron-de-Verdon\",\"breadcrumb\":{\"@id\":\"https:\/\/villadulac.fr\/incontournables\/#breadcrumb\"},\"inLanguage\":\"en-GB\",\"potentialAction\":[{\"@type\":\"ReadAction\",\"target\":[\"https:\/\/villadulac.fr\/incontournables\/\"]}]},{\"@type\":\"BreadcrumbList\",\"@id\":\"https:\/\/villadulac.fr\/incontournables\/#breadcrumb\",\"itemListElement\":[{\"@type\":\"ListItem\",\"position\":1,\"name\":\"Accueil\",\"item\":\"https:\/\/villadulac.fr\/\"},{\"@type\":\"ListItem\",\"position\":2,\"name\":\"Incontournables\"}]},{\"@type\":\"WebSite\",\"@id\":\"https:\/\/villadulac.fr\/#website\",\"url\":\"https:\/\/villadulac.fr\/\",\"name\":\"La Villa Du Lac\",\"description\":\"Location Villa Lac Esparron-de-Verdon\",\"publisher\":{\"@id\":\"https:\/\/villadulac.fr\/#organization\"},\"potentialAction\":[{\"@type\":\"SearchAction\",\"target\":{\"@type\":\"EntryPoint\",\"urlTemplate\":\"https:\/\/villadulac.fr\/?s={search_term_string}\"},\"query-input\":\"required name=search_term_string\"}],\"inLanguage\":\"en-GB\"},{\"@type\":\"Organization\",\"@id\":\"https:\/\/villadulac.fr\/#organization\",\"name\":\"La Villa Du Lac\",\"url\":\"https:\/\/villadulac.fr\/\",\"logo\":{\"@type\":\"ImageObject\",\"inLanguage\":\"en-GB\",\"@id\":\"https:\/\/villadulac.fr\/#\/schema\/logo\/image\/\",\"url\":\"https:\/\/villadulac.fr\/wp-content\/uploads\/2022\/03\/cropped-logo_large.png\",\"contentUrl\":\"https:\/\/villadulac.fr\/wp-content\/uploads\/2022\/03\/cropped-logo_large.png\",\"width\":1500,\"height\":298,\"caption\":\"La Villa Du Lac\"},\"image\":{\"@id\":\"https:\/\/villadulac.fr\/#\/schema\/logo\/image\/\"}}]}<\/script>\n<!-- \/ Yoast SEO plugin. -->","yoast_head_json":{"title":"Incontournables - La Villa Du Lac","description":"Location villa au bord du lac d'Esparron-de-Verdon","robots":{"index":"index","follow":"follow","max-snippet":"max-snippet:-1","max-image-preview":"max-image-preview:large","max-video-preview":"max-video-preview:-1"},"canonical":"https:\/\/villadulac.fr\/en\/incontournables\/","og_locale":"en_GB","og_type":"article","og_title":"Incontournables - La Villa Du Lac","og_description":"Location villa au bord du lac d'Esparron-de-Verdon","og_url":"https:\/\/villadulac.fr\/en\/incontournables\/","og_site_name":"La Villa Du Lac","article_modified_time":"2022-05-06T13:45:14+00:00","og_image":[{"width":1500,"height":298,"url":"https:\/\/villadulac.fr\/wp-content\/uploads\/2022\/03\/logo_large.png","type":"image\/png"}],"twitter_card":"summary_large_image","twitter_misc":{"Estimated reading time":"1 minute"},"schema":{"@context":"https:\/\/schema.org","@graph":[{"@type":"WebPage","@id":"https:\/\/villadulac.fr\/incontournables\/","url":"https:\/\/villadulac.fr\/incontournables\/","name":"Incontournables - La Villa Du Lac","isPartOf":{"@id":"https:\/\/villadulac.fr\/#website"},"datePublished":"2022-05-06T13:35:51+00:00","dateModified":"2022-05-06T13:45:14+00:00","description":"Location villa au bord du lac d'Esparron-de-Verdon","breadcrumb":{"@id":"https:\/\/villadulac.fr\/incontournables\/#breadcrumb"},"inLanguage":"en-GB","potentialAction":[{"@type":"ReadAction","target":["https:\/\/villadulac.fr\/incontournables\/"]}]},{"@type":"BreadcrumbList","@id":"https:\/\/villadulac.fr\/incontournables\/#breadcrumb","itemListElement":[{"@type":"ListItem","position":1,"name":"Accueil","item":"https:\/\/villadulac.fr\/"},{"@type":"ListItem","position":2,"name":"Incontournables"}]},{"@type":"WebSite","@id":"https:\/\/villadulac.fr\/#website","url":"https:\/\/villadulac.fr\/","name":"La Villa Du Lac","description":"Location Villa Lac Esparron-de-Verdon","publisher":{"@id":"https:\/\/villadulac.fr\/#organization"},"potentialAction":[{"@type":"SearchAction","target":{"@type":"EntryPoint","urlTemplate":"https:\/\/villadulac.fr\/?s={search_term_string}"},"query-input":"required name=search_term_string"}],"inLanguage":"en-GB"},{"@type":"Organization","@id":"https:\/\/villadulac.fr\/#organization","name":"La Villa Du Lac","url":"https:\/\/villadulac.fr\/","logo":{"@type":"ImageObject","inLanguage":"en-GB","@id":"https:\/\/villadulac.fr\/#\/schema\/logo\/image\/","url":"https:\/\/villadulac.fr\/wp-content\/uploads\/2022\/03\/cropped-logo_large.png","contentUrl":"https:\/\/villadulac.fr\/wp-content\/uploads\/2022\/03\/cropped-logo_large.png","width":1500,"height":298,"caption":"La Villa Du Lac"},"image":{"@id":"https:\/\/villadulac.fr\/#\/schema\/logo\/image\/"}}]}},"_links":{"self":[{"href":"https:\/\/villadulac.fr\/en\/wp-json\/wp\/v2\/pages\/404","targetHints":{"allow":["GET"]}}],"collection":[{"href":"https:\/\/villadulac.fr\/en\/wp-json\/wp\/v2\/pages"}],"about":[{"href":"https:\/\/villadulac.fr\/en\/wp-json\/wp\/v2\/types\/page"}],"author":[{"embeddable":true,"href":"https:\/\/villadulac.fr\/en\/wp-json\/wp\/v2\/users\/1"}],"replies":[{"embeddable":true,"href":"https:\/\/villadulac.fr\/en\/wp-json\/wp\/v2\/comments?post=404"}],"version-history":[{"count":6,"href":"https:\/\/villadulac.fr\/en\/wp-json\/wp\/v2\/pages\/404\/revisions"}],"predecessor-version":[{"id":411,"href":"https:\/\/villadulac.fr\/en\/wp-json\/wp\/v2\/pages\/404\/revisions\/411"}],"wp:attachment":[{"href":"https:\/\/villadulac.fr\/en\/wp-json\/wp\/v2\/media?parent=404"}],"curies":[{"name":"wp","href":"https:\/\/api.w.org\/{rel}","templated":true}]}}